{"id":2230,"date":"2021-10-06T07:22:43","date_gmt":"2021-10-06T07:22:43","guid":{"rendered":"https:\/\/www.vilaolivotti.si\/vila\/"},"modified":"2023-05-11T08:18:33","modified_gmt":"2023-05-11T08:18:33","slug":"vila","status":"publish","type":"page","link":"https:\/\/www.vilaolivotti.si\/sl\/vila\/","title":{"rendered":"Vila"},"content":{"rendered":"","protected":false},"excerpt":{"rendered":"","protected":false},"author":1,"featured_media":2368,"parent":0,"menu_order":9,"comment_status":"closed","ping_status":"closed","template":"","meta":{"inline_featured_image":false,"footnotes":""},"class_list":["post-2230","page","type-page","status-publish","has-post-thumbnail","hentry"],"acf":[],"yoast_head":"<!-- This site is optimized with the Yoast SEO plugin v20.1 - https:\/\/yoast.com\/wordpress\/plugins\/seo\/ -->\n<title>Vila<\/title>\n<meta name=\"description\" content=\"Luksuzna Vila Olivotti v bli\u017eini Blejskega jezera ima \u0161tiri unikatno opremljene apartmaje, zaseben wellness s tur\u0161ko in finsko savno, ter vinsko klet.\" \/>\n<meta name=\"robots\" content=\"index, follow, max-snippet:-1, max-image-preview:large, max-video-preview:-1\" \/>\n<link rel=\"canonical\" href=\"https:\/\/www.vilaolivotti.si\/sl\/vila\/\" \/>\n<meta property=\"og:locale\" content=\"sl_SI\" \/>\n<meta property=\"og:type\" content=\"article\" \/>\n<meta property=\"og:title\" content=\"Vila\" \/>\n<meta property=\"og:description\" content=\"Luksuzna Vila Olivotti v bli\u017eini Blejskega jezera ima \u0161tiri unikatno opremljene apartmaje, zaseben wellness s tur\u0161ko in finsko savno, ter vinsko klet.\" \/>\n<meta property=\"og:url\" content=\"https:\/\/www.vilaolivotti.si\/sl\/vila\/\" \/>\n<meta property=\"og:site_name\" content=\"Vila Olivotti\" \/>\n<meta property=\"article:modified_time\" content=\"2023-05-11T08:18:33+00:00\" \/>\n<meta property=\"og:image\" content=\"https:\/\/www.vilaolivotti.si\/wp-content\/uploads\/2023\/04\/Vila-Olivotti-Bled-apartment-00-22-pax-12.jpg\" \/>\n\t<meta property=\"og:image:width\" content=\"2048\" \/>\n\t<meta property=\"og:image:height\" content=\"1365\" \/>\n\t<meta property=\"og:image:type\" content=\"image\/jpeg\" \/>\n<meta name=\"twitter:card\" content=\"summary_large_image\" \/>\n<script type=\"application\/ld+json\" class=\"yoast-schema-graph\">{\"@context\":\"https:\/\/schema.org\",\"@graph\":[{\"@type\":\"WebPage\",\"@id\":\"https:\/\/www.vilaolivotti.si\/sl\/vila\/\",\"url\":\"https:\/\/www.vilaolivotti.si\/sl\/vila\/\",\"name\":\"Vila\",\"isPartOf\":{\"@id\":\"https:\/\/www.vilaolivotti.si\/#website\"},\"datePublished\":\"2021-10-06T07:22:43+00:00\",\"dateModified\":\"2023-05-11T08:18:33+00:00\",\"description\":\"Luksuzna Vila Olivotti v bli\u017eini Blejskega jezera ima \u0161tiri unikatno opremljene apartmaje, zaseben wellness s tur\u0161ko in finsko savno, ter vinsko klet.\",\"breadcrumb\":{\"@id\":\"https:\/\/www.vilaolivotti.si\/sl\/vila\/#breadcrumb\"},\"inLanguage\":\"sl-SI\",\"potentialAction\":[{\"@type\":\"ReadAction\",\"target\":[\"https:\/\/www.vilaolivotti.si\/sl\/vila\/\"]}]},{\"@type\":\"BreadcrumbList\",\"@id\":\"https:\/\/www.vilaolivotti.si\/sl\/vila\/#breadcrumb\",\"itemListElement\":[{\"@type\":\"ListItem\",\"position\":1,\"name\":\"Home\",\"item\":\"https:\/\/www.vilaolivotti.si\/sl\/\"},{\"@type\":\"ListItem\",\"position\":2,\"name\":\"Vila\"}]},{\"@type\":\"WebSite\",\"@id\":\"https:\/\/www.vilaolivotti.si\/#website\",\"url\":\"https:\/\/www.vilaolivotti.si\/\",\"name\":\"Vila Olivotti\",\"description\":\"Vila Olivotti\",\"potentialAction\":[{\"@type\":\"SearchAction\",\"target\":{\"@type\":\"EntryPoint\",\"urlTemplate\":\"https:\/\/www.vilaolivotti.si\/?s={search_term_string}\"},\"query-input\":\"required name=search_term_string\"}],\"inLanguage\":\"sl-SI\"}]}<\/script>\n<!-- \/ Yoast SEO plugin. -->","yoast_head_json":{"title":"Vila","description":"Luksuzna Vila Olivotti v bli\u017eini Blejskega jezera ima \u0161tiri unikatno opremljene apartmaje, zaseben wellness s tur\u0161ko in finsko savno, ter vinsko klet.","robots":{"index":"index","follow":"follow","max-snippet":"max-snippet:-1","max-image-preview":"max-image-preview:large","max-video-preview":"max-video-preview:-1"},"canonical":"https:\/\/www.vilaolivotti.si\/sl\/vila\/","og_locale":"sl_SI","og_type":"article","og_title":"Vila","og_description":"Luksuzna Vila Olivotti v bli\u017eini Blejskega jezera ima \u0161tiri unikatno opremljene apartmaje, zaseben wellness s tur\u0161ko in finsko savno, ter vinsko klet.","og_url":"https:\/\/www.vilaolivotti.si\/sl\/vila\/","og_site_name":"Vila Olivotti","article_modified_time":"2023-05-11T08:18:33+00:00","og_image":[{"width":2048,"height":1365,"url":"https:\/\/www.vilaolivotti.si\/wp-content\/uploads\/2023\/04\/Vila-Olivotti-Bled-apartment-00-22-pax-12.jpg","type":"image\/jpeg"}],"twitter_card":"summary_large_image","schema":{"@context":"https:\/\/schema.org","@graph":[{"@type":"WebPage","@id":"https:\/\/www.vilaolivotti.si\/sl\/vila\/","url":"https:\/\/www.vilaolivotti.si\/sl\/vila\/","name":"Vila","isPartOf":{"@id":"https:\/\/www.vilaolivotti.si\/#website"},"datePublished":"2021-10-06T07:22:43+00:00","dateModified":"2023-05-11T08:18:33+00:00","description":"Luksuzna Vila Olivotti v bli\u017eini Blejskega jezera ima \u0161tiri unikatno opremljene apartmaje, zaseben wellness s tur\u0161ko in finsko savno, ter vinsko klet.","breadcrumb":{"@id":"https:\/\/www.vilaolivotti.si\/sl\/vila\/#breadcrumb"},"inLanguage":"sl-SI","potentialAction":[{"@type":"ReadAction","target":["https:\/\/www.vilaolivotti.si\/sl\/vila\/"]}]},{"@type":"BreadcrumbList","@id":"https:\/\/www.vilaolivotti.si\/sl\/vila\/#breadcrumb","itemListElement":[{"@type":"ListItem","position":1,"name":"Home","item":"https:\/\/www.vilaolivotti.si\/sl\/"},{"@type":"ListItem","position":2,"name":"Vila"}]},{"@type":"WebSite","@id":"https:\/\/www.vilaolivotti.si\/#website","url":"https:\/\/www.vilaolivotti.si\/","name":"Vila Olivotti","description":"Vila Olivotti","potentialAction":[{"@type":"SearchAction","target":{"@type":"EntryPoint","urlTemplate":"https:\/\/www.vilaolivotti.si\/?s={search_term_string}"},"query-input":"required name=search_term_string"}],"inLanguage":"sl-SI"}]}},"_links":{"self":[{"href":"https:\/\/www.vilaolivotti.si\/sl\/wp-json\/wp\/v2\/pages\/2230","targetHints":{"allow":["GET"]}}],"collection":[{"href":"https:\/\/www.vilaolivotti.si\/sl\/wp-json\/wp\/v2\/pages"}],"about":[{"href":"https:\/\/www.vilaolivotti.si\/sl\/wp-json\/wp\/v2\/types\/page"}],"author":[{"embeddable":true,"href":"https:\/\/www.vilaolivotti.si\/sl\/wp-json\/wp\/v2\/users\/1"}],"replies":[{"embeddable":true,"href":"https:\/\/www.vilaolivotti.si\/sl\/wp-json\/wp\/v2\/comments?post=2230"}],"version-history":[{"count":17,"href":"https:\/\/www.vilaolivotti.si\/sl\/wp-json\/wp\/v2\/pages\/2230\/revisions"}],"predecessor-version":[{"id":2431,"href":"https:\/\/www.vilaolivotti.si\/sl\/wp-json\/wp\/v2\/pages\/2230\/revisions\/2431"}],"wp:featuredmedia":[{"embeddable":true,"href":"https:\/\/www.vilaolivotti.si\/sl\/wp-json\/wp\/v2\/media\/2368"}],"wp:attachment":[{"href":"https:\/\/www.vilaolivotti.si\/sl\/wp-json\/wp\/v2\/media?parent=2230"}],"curies":[{"name":"wp","href":"https:\/\/api.w.org\/{rel}","templated":true}]}}